{"id":4031,"date":"2023-09-29T09:32:31","date_gmt":"2023-09-29T09:32:31","guid":{"rendered":"https:\/\/dhhz.de\/imprint\/"},"modified":"2026-01-10T21:11:51","modified_gmt":"2026-01-10T21:11:51","slug":"imprint","status":"publish","type":"page","link":"https:\/\/dhhz.de\/en\/imprint\/","title":{"rendered":"Imprint"},"content":{"rendered":"\t\t<div data-elementor-type=\"wp-page\" data-elementor-id=\"4031\" class=\"elementor elementor-4031 elementor-19\" data-elementor-post-type=\"page\">\n\t\t\t\t<div class=\"elementor-element elementor-element-1f86aa4 e-flex e-con-boxed e-con e-parent\" data-id=\"1f86aa4\" data-element_type=\"container\" data-e-type=\"container\">\n\t\t\t\t\t<div class=\"e-con-inner\">\n\t\t\t\t<div class=\"elementor-element elementor-element-2a214e1 elementor-widget elementor-widget-heading\" data-id=\"2a214e1\" data-element_type=\"widget\" data-e-type=\"widget\" data-widget_type=\"heading.default\">\n\t\t\t\t<div class=\"elementor-widget-container\">\n\t\t\t\t\t<h1 class=\"elementor-heading-title elementor-size-default\">Imprint<\/h1>\t\t\t\t<\/div>\n\t\t\t\t<\/div>\n\t\t\t\t<div class=\"elementor-element elementor-element-cf72a20 elementor-widget elementor-widget-text-editor\" data-id=\"cf72a20\" data-element_type=\"widget\" data-e-type=\"widget\" data-widget_type=\"text-editor.default\">\n\t\t\t\t<div class=\"elementor-widget-container\">\n\t\t\t\t\t\t\t\t\t<h4><a href=\"#imprint-en\">for Legal Notice in English click here<\/a><\/h4><p>(gesetzlich vorgeschrieben f\u00fcr Deutschland)<br \/>Die hier gemachten Angaben gelten nicht nur f\u00fcr die Website \u201edhhz.de\u201c beziehungsweise \u201eschwitzen.de\u201c, sondern auch f\u00fcr jegliche von <a href=\"https:\/\/dhhz.de\/pd-dr-schick-hyperhidrose-spezialist\/\">PD Dr. Schick<\/a> (mit-)betriebene oder -verantwortete Websites, auch bei anderen Anbietern, die mit diesem Impressum verlinkt sind.<\/p><p>Sie erreichen uns unter:<br \/>Deutsches Hyperhidrosezentrum DHHZ\u00ae<br \/><a href=\"https:\/\/dhhz.de\/pd-dr-schick-hyperhidrose-spezialist\/\">PD Dr. med. Christoph Schick<\/a><br \/>St.-Bonifatius-Str. 5<br \/>D-81541 M\u00fcnchen<br \/>Fon 089 2727 2012<br \/>Fax 089 2727 2013<br \/>Email post@dhhz.de<br \/>Im Rahmen der Impressumspflicht ver\u00f6ffentlichten wir unsere Kontaktdaten in f\u00fcr Sie leicht lesbarer Form. Der Verwendung dieser Daten durch Dritte zur \u00dcbersendung von nicht ausdr\u00fccklich angeforderter Werbung und sonstigen Informationen wird hiermit ausdr\u00fccklich widersprochen. Der Betreiber der Website beh\u00e4lt sich ausdr\u00fccklich rechtliche Schritte im Falle unverlangter Zusendung solcher Werbeinformationen, zum Beispiel Spam-Mails, vor.<\/p><p><strong>Berufsbezeichnung:<\/strong><br \/>Arzt (verliehen in der Bundesrepublik Deutschland)<br \/>Facharzt f\u00fcr Chirurgie<br \/>Habilitation und Lehrbefugnis f\u00fcr das Fach Chirurgie<br \/>Privatdozent an der Friedrich-Alexander-Universit\u00e4t Erlangen-N\u00fcrnberg<\/p><p><strong>Zust\u00e4ndige Kammer:<\/strong><br \/>Landes\u00e4rztekammer Bayern<br \/>M\u00fchlbaurstr. 16<br \/>81677 M\u00fcnchen<br \/>(Link:\u00a0<a href=\"https:\/\/bit.ly\/2rprjuR\" target=\"_blank\" rel=\"noopener\">hier<\/a>)<\/p><p><strong>Zust\u00e4ndige Aufsichtsbeh\u00f6rde:<\/strong><br \/>Kassen\u00e4rztliche Vereinigung Bayerns, K\u00f6rperschaft des \u00f6ffentlichen Rechts<br \/>Arabellastr. 30, 81925 M\u00fcnchen<br \/>(Link:\u00a0<a href=\"https:\/\/bit.ly\/2qK30Ij\" target=\"_blank\" rel=\"noopener\">hier<\/a>)<\/p><p><strong>Berufsrechtliche Regelungen:<\/strong><br \/>Berufsordnung der Landes\u00e4rztekammer von Bayern. (Link:\u00a0<a href=\"https:\/\/bit.ly\/35wx5tD\" target=\"_blank\" rel=\"noopener\">hier<\/a>)<br \/>Heilberufegesetz des Landes Bayern. (Link:\u00a0<a href=\"https:\/\/bit.ly\/35saGO2\" target=\"_blank\" rel=\"noopener\">hier<\/a>)<br \/>Geb\u00fchrenordnung f\u00fcr \u00c4rzte. (Link:\u00a0<a href=\"https:\/\/bit.ly\/2XP4yNm\" target=\"_blank\" rel=\"noopener\">hier<\/a>)<\/p><p id=\"m58\"><strong>Angaben zum Unternehmen:<\/strong><br \/>Umsatzsteuer Identifikationsnummer (USt-ID): DE293537643<br \/>f\u00fcr ausl\u00e4ndische Zulieferer.<\/p><p><strong>Bitte beachten Sie im Folgenden ausdr\u00fccklich auch die erg\u00e4nzenden Hinweise zum Haftungsausschluss und zum Urheberrecht\/Copyright sowie unsere Datenschutzerkl\u00e4rung.<\/strong><\/p><p>Inhaltlich Verantwortlicher: Priv.-Doz. Dr. C.H. Schick<\/p><h2>Ein wichtiger Hinweis des Autors:<\/h2><p>Sehr geehrte Leserinnen und Leser,<br \/>die Erkenntnisse der Medizin unterliegen laufendem Wandel durch Forschung und klinische Erfahrung. Der Autor dieser Webseiten hat gro\u00dfe Sorgfalt darauf verwendet, dass die gemachten Angaben, insbesondere hinsichtlich Indikation, Dosierung, Verfahren und erw\u00fcnschten wie unerw\u00fcnschten Wirkungen, dem derzeitigen Wissensstand entsprechen.<br \/>Das entbindet Sie aber nicht von der Verpflichtung, die gemachten Angaben f\u00fcr sich selbst kritisch zu pr\u00fcfen und das pers\u00f6nliche Gespr\u00e4ch zu behandelnden \u00c4rztinnen und \u00c4rzten zu suchen.<br \/><em>Ihr PD Dr. Christoph Schick<\/em><\/p><h2>Haftungsausschluss<\/h2><p>Die auf dieser Site ver\u00f6ffentlichten Informationen werden periodisch aktualisiert, sie k\u00f6nnen technische Ungenauigkeiten und typographische Fehler enthalten. Der Autor \u00fcbernimmt keinerlei Gew\u00e4hrleistung in bezug auf die gemachten Angaben. In keinem Fall kann der Autor f\u00fcr Sch\u00e4den haftbar gemacht werden.<\/p><p>Haftungsanspr\u00fcche gegen den Autor, welche sich auf Sch\u00e4den materieller oder ideeller Art beziehen, die durch die Nutzung oder Nichtnutzung der dargebotenen Informationen bzw. durch die Nutzung fehlerhafter und unvollst\u00e4ndiger Informationen verursacht wurden, sind grunds\u00e4tzlich ausgeschlossen.<\/p><p>Links auf fremde Webseiten: Inhalte fremder Webseiten, auf die wir direkt oder indirekt verweisen, liegen au\u00dferhalb unseres Verantwortungsbereiches und machen wir uns nicht zu Eigen. F\u00fcr alle Inhalte und insbesondere f\u00fcr Sch\u00e4den, die aus der Nutzung der in den verlinkten Webseiten aufrufbaren Informationen entstehen, haftet allein der Anbieter der verlinkten Webseiten.<\/p><p>Alle Angebote sind freibleibend und unverbindlich. Der Autor beh\u00e4lt es sich ausdr\u00fccklich vor, Teile der Seiten oder das gesamte Angebot ohne gesonderte Ank\u00fcndigung zu ver\u00e4ndern, zu erg\u00e4nzen, zu l\u00f6schen oder die Ver\u00f6ffentlichung zeitweise oder endg\u00fcltig einzustellen.<\/p><h2>Urheberrechthinweise<\/h2><p>Diese Hinweise beziehen sich auf Informationen, Graphiken, Photos und Filmmaterialien die auf unseren Internet-Seiten verf\u00fcgbar sind.<br \/>Alle Informationen dieser Internet-Seiten unterliegen deutschem und internationalem Urheberrecht beziehungsweise Leistungsschutzrecht. Die Inhalte wenden sich an Patientinnen und Patienten, \u00e4rztliche Kolleginnen und Kollegen sowie an den beschriebenen Erkrankungen Interessierte. Eine gewerbliche Nutzung der Informationen ist ausdr\u00fccklich untersagt.<br \/>Links auf diese Seiten sind ausdr\u00fccklich erlaubt. Sie d\u00fcrfen jedoch keinesfalls in einem Zusammenhang mit ungesetzlichen Inhalten stehen.<br \/>Alle Rechte, insbesondere das Recht auf Vervielf\u00e4ltigung und Verbreitung sowie der \u00dcbersetzung bleiben vorbehalten. Kein Teil dieser Internetseiten, auch auszugsweise, darf ohne Genehmigung des Autors reproduziert werden.<br \/>Bitte nehmen Sie diese Hinweise ernst, denn sie sind ernst gemeint und ihre Einhaltung wird permanent anwaltlich gepr\u00fcft.<br \/>Copyright \u00a9 1997-2026 Priv.-Doz. Dr. C.H. Schick.<\/p><h2>Fremdes Urheberrecht<\/h2><p>Die externen Verlinkungen auf unserer Website dienen der Information unserer Leserinnen und Lesern. Sollte ein Adressat dieser Verlinkung diese nicht w\u00fcnschen, bitten wir um einen Hinweis telefonisch oder per Mail und werden die Verlinkung sofort l\u00f6schen.<br \/>Selbstverst\u00e4ndlich bitten wir nicht nur um die Einhaltung unserer Urheberrechte, sondern sind bem\u00fcht auch jedwede Rechte Dritter zu achten. Sollten Sie auf dieser Seite oder einer von uns betriebenen oder verantworteten Seite bei anderen Informationsdienstleistern (wie beispielsweise Facebook, Google, Youtube, Twitter, Xing, Linkedin, Pinterest, Instagram, Kwippi, Hootsuite, Networkedblogs, ResearchGate oder anderen noch hinzu kommenden und mit diesem Impressum verlinkten Websites) eine Urheberrechtsverletzung entdecken oder auf eine Rechtsverletzung aufmerksam gemacht werden, so bitten wir um einen Hinweis hierauf. Wir werden bei Bekanntwerden einer Rechtsverletzung umgehend alle beanstandeten Inhalte entfernen. Um diesbez\u00fcglich Verz\u00f6gerungen zu vermeiden, wenden sie sich bitte per Email oder telefonisch an uns.\u00a0<strong>Ausdr\u00fccklich bitten wir darum, dass Sie uns im Falle eines Versto\u00dfes dieser Website oder jeglicher anderer Websites mit von uns verantworteten Inhalten gegen Rechte Dritter oder gegen gesetzliche Bestimmungen einen Hinweis ohne Kostennote zuleiten. PD Dr. Schick garantiert den hiervon Betroffenen, dass zu Recht beanstandete Inhalte oder Verbindungen umgehend entfernt werden, ohne dass es der Einschaltung rechtsanwaltlicher Hilfe bedarf. Sollte trotz dieses ausdr\u00fccklichen Hinweises ohne vorherige Kontaktaufnahme eine Abmahnung erfolgen, wird PD Dr. Schick diese vollumf\u00e4nglich zur\u00fcckweisen und gegebenenfalls eine Gegenklage wegen der Verletzung der vorgenannten Bestimmungen einreichen.<\/strong><\/p><h2 id=\"m154\">Journalistisch-redaktionelle Angebote<\/h2><p><strong>Inhaltlich verantwortlich<\/strong>: PD Dr. med. Christoph Schick, St.-Bonifatius-Str. 5, D-81541 M\u00fcnchen<\/p><p>Die auf jeglichen von PD Dr. Schick inhaltlich betreuten Websites verwendeten Zitate aus fremden Bild- und Textver\u00f6ffentlichungen dienen als Belege seiner eigenst\u00e4ndigen Ausf\u00fchrungen, kritischen Positionen und sonstigen Darstellungen auf derlei Themenwebseiten im Rahmen des UrhG, insbesondere die \u00a7\u00a7 12 II UrhG (Zul\u00e4ssige Inhaltsmitteilung als gek\u00fcrzte Wiedergabe zum Zweck der Information und Kritik), 49 UrhG (Berichterstattung) und 51 UrhG (Zitate als Belege eigener Darstellungen). Hier sei nochmals erg\u00e4nzend darauf hingewiesen, dass alle Rechte von Bezeichnungen, Produkt- oder Markennamen und Logos auf unseren Seiten genannter Firmen im Eigentum dieser Firmen liegen und von uns respektiert werden, selbst falls diese Eigentumsbeziehung nicht direkt ersichtlich sein sollte.<\/p><p>Impressum Siegel Dr. Schwenke<\/p><p class=\"seal\">\u00a0<\/p>\t\t\t\t\t\t\t\t<\/div>\n\t\t\t\t<\/div>\n\t\t\t\t\t<\/div>\n\t\t\t\t<\/div>\n\t\t<div class=\"elementor-element elementor-element-9a112f1 e-flex e-con-boxed e-con e-parent\" data-id=\"9a112f1\" data-element_type=\"container\" data-e-type=\"container\">\n\t\t\t\t\t<div class=\"e-con-inner\">\n\t\t\t\t<div class=\"elementor-element elementor-element-ba4b2c0 elementor-widget elementor-widget-menu-anchor\" data-id=\"ba4b2c0\" data-element_type=\"widget\" data-e-type=\"widget\" data-widget_type=\"menu-anchor.default\">\n\t\t\t\t<div class=\"elementor-widget-container\">\n\t\t\t\t\t\t\t<div class=\"elementor-menu-anchor\" id=\"imprint-en\"><\/div>\n\t\t\t\t\t\t<\/div>\n\t\t\t\t<\/div>\n\t\t<div class=\"elementor-element elementor-element-9d96923 e-con-full e-flex e-con e-child\" data-id=\"9d96923\" data-element_type=\"container\" data-e-type=\"container\">\n\t\t\t\t<\/div>\n\t\t\t\t<div class=\"elementor-element elementor-element-3071798 elementor-widget elementor-widget-text-editor\" data-id=\"3071798\" data-element_type=\"widget\" data-e-type=\"widget\" data-widget_type=\"text-editor.default\">\n\t\t\t\t<div class=\"elementor-widget-container\">\n\t\t\t\t\t\t\t\t\t<h2 tabindex=\"-1\">\u00a0<\/h2><h2 tabindex=\"-1\">\u00a0<\/h2><h2 id=\"Legal Notice\" tabindex=\"-1\">Legal Notice<\/h2><p><strong>(please also note the additional and legally required information for Germany, please see above)<\/strong><\/p><p id=\"m46\"><strong>Provider<br \/><\/strong>German Hyperhidrosis Center \/ Deutsches Hyperhidrosezentrum DHHZ<br \/>PD Dr. med. Christoph Schick<br \/>St.-Bonifatius-Str. 5<br \/>D-81541 Munich<br \/>Germany<br \/>Fon 089 2727 2012<br \/>Fax 089 2727 2013<\/p><p>E-Mail: post@dhhz.de<\/p><p id=\"m157\"><strong>Professional Title<br \/><\/strong>Legal Occupational Title: Doctor<br \/>Country in which the professional title was awarded: Gemany<\/p><p><strong>Chamber (professional organization):<\/strong><br \/>Landes\u00e4rztekammer Bayern<br \/>M\u00fchlbaurstr. 16<br \/>D-81677 Munich<br \/>(Link:\u00a0<a href=\"https:\/\/bit.ly\/2rprjuR\" target=\"_blank\" rel=\"noopener\">here<\/a>)<\/p><p><strong>Supervisory authority:<\/strong><br \/>Kassen\u00e4rztliche Vereinigung Bayerns, K\u00f6rperschaft des \u00f6ffentlichen Rechts<br \/>Arabellastr. 30, D-81925 Munich<br \/>(Link:\u00a0<a href=\"https:\/\/bit.ly\/2qK30Ij\" target=\"_blank\" rel=\"noopener\">here<\/a>)<\/p><p><strong>Professional regulations:<\/strong><br \/>German Professional code of conduct for Bavarian doctors (Link:\u00a0<a href=\"https:\/\/bit.ly\/35wx5tD\" target=\"_blank\" rel=\"noopener\">here<\/a>).<br \/>Bavarian Doctors Act (Link:\u00a0<a href=\"https:\/\/bit.ly\/35saGO2\" target=\"_blank\" rel=\"noopener\">here<\/a>)<br \/>Medical fee schedule for physicians. (Link:\u00a0<a href=\"https:\/\/bit.ly\/2XP4yNm\" target=\"_blank\" rel=\"noopener\">here<\/a>)<\/p><p><strong>Company Details<br \/><\/strong>VAT identification number: DE293537643<\/p><h2 id=\"m154\">Journalistic-Editorial Services<\/h2><p><strong>Responsible for content<\/strong>:<br \/>PD Dr. med. Christoph Schick, St.-Bonifatius-Str. 5, D-81541 Munich<\/p><h2 id=\"m172\">Social Media Accounts and other Online Profiles<\/h2><p>This legal notice also applies to all social media accounts and online profiles of PD Dr. Schick and the German Hyperhidrosis Center \/ Deutsches Hyperhidrosezentrum DHHZ.<\/p><h2 id=\"m65\">Liability Disclaimers and Copyright Information<\/h2><p><strong>Liability Disclaimer<\/strong>: While the content of this website has been put together with great care and reflects our current knowledge, it is provided for information purposes without being legally binding, unless the disclosure of this information is required by law (e.g. the legal information), the privacy policy, terms and conditions or withdrawal instructions for consumers) .<br \/>The author has made and will continue to make great efforts to include accurate and up-to-date information on his website. However the author makes no warranties or representations, express or implied, as to the accuracy or completeness of the information contained or referenced therein. All users agree that all access and use of this website and on any website linked to this website and the content thereof is at their own risk. Neither the author nor any other party involved in creating, producing or delivering this website or on any website linked to this website shall be liable in any manner whatsoever for any direct, incidental, consequential, indirect or punitive damages arising out of your access, use or inability to use this site or any site linked to this site, or any errors or omissions in the content thereof.<br \/>We reserve the right to modify or delete the content, whether in full or in part, provided this does not affect our existing contractual obligations. All website content is subject to change and non-binding.<\/p><p><strong>Link Disclaimer<\/strong>: We do not accept any responsibility for or endorse the content of external websites we link to, whether directly or indirectly. The providers of the linked websites are solely responsible for all content presented on their websites and in particular, any damage resulting from the use the information offered on their websites.<\/p><p><strong>Copyrights and Trademarks<\/strong>: All material on this site is protected by German and international copyrights. No part of any material may be copied, downloaded, stored in a retrieval system, or redistributed for any other purpose without the expressed written permission of the author. You may not modify or create derivative works based on this material.<br \/>Requests for permission to use copyrighted material may be emailed to the Editor.<br \/>By accessing and\/or downloading this website, you expressly agree and consent to the foregoing terms and conditions.<br \/>Copyright \u00a9 1997-2026 by Priv.-Doz. Dr. C.H. Schick.<\/p><p>We do not accept any responsibility for or endorse the content of external websites we link to, whether directly or indirectly. The providers of the linked websites are solely responsible for all content presented on their websites and in particular, any damage resulting from the use the information offered on their websites.<\/p><p><strong>Information on legal infringements<\/strong>: Please notify us if you notice any rights violations on our website. Once notified, we will promptly remove any illegal content or links.<\/p><p>Legal notice seal by Dr. Schwenke<\/p>\t\t\t\t\t\t\t\t<\/div>\n\t\t\t\t<\/div>\n\t\t\t\t\t<\/div>\n\t\t\t\t<\/div>\n\t\t\t\t<\/div>\n\t\t","protected":false},"excerpt":{"rendered":"<p>Imprint for Legal Notice in English click here (gesetzlich vorgeschrieben f\u00fcr Deutschland)Die hier gemachten Angaben gelten nicht nur f\u00fcr die Website \u201edhhz.de\u201c beziehungsweise \u201eschwitzen.de\u201c, sondern auch f\u00fcr jegliche von PD Dr. Schick (mit-)betriebene oder -verantwortete Websites, auch bei anderen Anbietern, die mit diesem Impressum verlinkt sind. Sie erreichen uns unter:Deutsches Hyperhidrosezentrum DHHZ\u00aePD Dr. med. Christoph [&hellip;]<\/p>\n","protected":false},"author":1,"featured_media":0,"parent":0,"menu_order":0,"comment_status":"closed","ping_status":"closed","template":"","meta":{"_monsterinsights_skip_tracking":false,"_monsterinsights_sitenote_active":false,"_monsterinsights_sitenote_note":"","_monsterinsights_sitenote_category":0,"footnotes":""},"class_list":["post-4031","page","type-page","status-publish","hentry"],"_links":{"self":[{"href":"https:\/\/dhhz.de\/en\/wp-json\/wp\/v2\/pages\/4031","targetHints":{"allow":["GET"]}}],"collection":[{"href":"https:\/\/dhhz.de\/en\/wp-json\/wp\/v2\/pages"}],"about":[{"href":"https:\/\/dhhz.de\/en\/wp-json\/wp\/v2\/types\/page"}],"author":[{"embeddable":true,"href":"https:\/\/dhhz.de\/en\/wp-json\/wp\/v2\/users\/1"}],"replies":[{"embeddable":true,"href":"https:\/\/dhhz.de\/en\/wp-json\/wp\/v2\/comments?post=4031"}],"version-history":[{"count":18,"href":"https:\/\/dhhz.de\/en\/wp-json\/wp\/v2\/pages\/4031\/revisions"}],"predecessor-version":[{"id":6070,"href":"https:\/\/dhhz.de\/en\/wp-json\/wp\/v2\/pages\/4031\/revisions\/6070"}],"wp:attachment":[{"href":"https:\/\/dhhz.de\/en\/wp-json\/wp\/v2\/media?parent=4031"}],"curies":[{"name":"wp","href":"https:\/\/api.w.org\/{rel}","templated":true}]}}